{"id":5705,"date":"2024-10-22T12:00:19","date_gmt":"2024-10-22T10:00:19","guid":{"rendered":"https:\/\/passaggio-del-testimone.zeraim.it\/Archivio\/?page_id=5705"},"modified":"2024-10-22T12:00:19","modified_gmt":"2024-10-22T10:00:19","slug":"cookie-policy","status":"publish","type":"page","link":"https:\/\/passaggio-del-testimone.zeraim.it\/Archivio\/cookie-policy\/","title":{"rendered":"Cookie Policy"},"content":{"rendered":"<p><div class=\"fusion-fullwidth fullwidth-box fusion-builder-row-1 fusion-flex-container has-pattern-background has-mask-background fusion-parallax-none nonhundred-percent-fullwidth non-hundred-percent-height-scrolling lazyload\" style=\"--link_hover_color: var(--awb-color5);--link_color: var(--awb-color5);--awb-border-color:var(--awb-color1);--awb-border-radius-top-left:0px;--awb-border-radius-top-right:0px;--awb-border-radius-bottom-right:0px;--awb-border-radius-bottom-left:0px;--awb-padding-top:16vw;--awb-padding-bottom:10vw;--awb-padding-top-small:70px;--awb-padding-right-small:40px;--awb-padding-bottom-small:70px;--awb-padding-left-small:40px;--awb-margin-top:0px;--awb-margin-bottom:120px;--awb-margin-bottom-medium:80px;--awb-margin-bottom-small:60px;--awb-background-color:var(--awb-color8);--awb-background-image:linear-gradient(152deg, var(--awb-color8) 0%,hsla(var(--awb-color8-h),var(--awb-color8-s),var(--awb-color8-l),calc( var(--awb-color8-a) - 85% )) 70%);;--awb-background-image-small:linear-gradient(152deg, var(--awb-color8) 0%,hsla(var(--awb-color8-h),var(--awb-color8-s),var(--awb-color8-l),calc( var(--awb-color8-a) - 85% )) 70%);;--awb-background-size:cover;--awb-flex-wrap:wrap;\" data-bg=\"https:\/\/passaggio-del-testimone.zeraim.it\/Archivio\/wp-content\/uploads\/2024\/09\/banner-chi-siamo.jpg\" data-fusion-responsive-bg=\"1\" data-bg-small=\"https:\/\/passaggio-del-testimone.zeraim.it\/Archivio\/wp-content\/uploads\/2024\/07\/HOME.jpg\" data-bg-gradient=\"linear-gradient(152deg, var(--awb-color8) 0%,hsla(var(--awb-color8-h),var(--awb-color8-s),var(--awb-color8-l),calc( var(--awb-color8-a) - 85% )) 70%)\" ><div class=\"fusion-builder-row fusion-row fusion-flex-align-items-center fusion-flex-content-wrap\" style=\"max-width:1216.8px;margin-left: calc(-4% \/ 2 );margin-right: calc(-4% \/ 2 );\"><div class=\"fusion-layout-column fusion_builder_column fusion-builder-column-0 fusion_builder_column_2_3 2_3 fusion-flex-column\" style=\"--awb-bg-size:cover;--awb-width-large:66.666666666667%;--awb-margin-top-large:0px;--awb-spacing-right-large:2.88%;--awb-margin-bottom-large:20px;--awb-spacing-left-large:2.88%;--awb-width-medium:100%;--awb-order-medium:0;--awb-spacing-right-medium:1.92%;--awb-spacing-left-medium:1.92%;--awb-width-small:100%;--awb-order-small:0;--awb-spacing-right-small:1.92%;--awb-spacing-left-small:1.92%;\"><div class=\"fusion-column-wrapper fusion-column-has-shadow fusion-flex-justify-content-flex-start fusion-content-layout-column\"><\/div><\/div><div class=\"fusion-layout-column fusion_builder_column fusion-builder-column-1 fusion_builder_column_1_3 1_3 fusion-flex-column\" style=\"--awb-bg-size:cover;--awb-width-large:33.333333333333%;--awb-margin-top-large:0px;--awb-spacing-right-large:5.76%;--awb-margin-bottom-large:20px;--awb-spacing-left-large:5.76%;--awb-width-medium:100%;--awb-order-medium:0;--awb-spacing-right-medium:1.92%;--awb-spacing-left-medium:1.92%;--awb-width-small:100%;--awb-order-small:0;--awb-spacing-right-small:1.92%;--awb-spacing-left-small:1.92%;\"><div class=\"fusion-column-wrapper fusion-column-has-shadow fusion-flex-justify-content-flex-start fusion-content-layout-column\"><div class=\"fusion-title title fusion-title-1 fusion-title-text fusion-title-size-three\" style=\"--awb-margin-bottom:0px;--awb-font-size:24px;\"><div class=\"title-sep-container title-sep-container-left\"><div class=\"title-sep sep- sep-solid\" style=\"border-color:var(--awb-color3);\"><\/div><\/div><span class=\"awb-title-spacer\"><\/span><h3 class=\"fusion-title-heading title-heading-right fusion-responsive-typography-calculated\" style=\"font-family:&quot;Red Hat Display&quot;;font-style:normal;font-weight:600;margin:0;font-size:1em;letter-spacing:var(--awb-typography1-letter-spacing);text-transform:var(--awb-typography1-text-transform);--fontSize:24;line-height:1;\"><span class=\"fusion-highlight custom-textcolor highlight1 awb-highlight-background\" style=\"--awb-color:var(--awb-color5);--awb-text-color:var(--awb-color4);\">Cookie Policy<\/span><\/h3><span class=\"awb-title-spacer fusion-no-large-visibility fusion-no-medium-visibility fusion-no-small-visibility\"><\/span><div class=\"title-sep-container title-sep-container-right fusion-no-large-visibility fusion-no-medium-visibility fusion-no-small-visibility\"><div class=\"title-sep sep- sep-solid\" style=\"border-color:var(--awb-color3);\"><\/div><\/div><\/div><\/div><\/div><\/div><\/div><div class=\"fusion-fullwidth fullwidth-box fusion-builder-row-2 fusion-flex-container has-pattern-background has-mask-background nonhundred-percent-fullwidth non-hundred-percent-height-scrolling\" style=\"--awb-border-radius-top-left:0px;--awb-border-radius-top-right:0px;--awb-border-radius-bottom-right:0px;--awb-border-radius-bottom-left:0px;--awb-flex-wrap:wrap;\" ><div class=\"fusion-builder-row fusion-row fusion-flex-align-items-flex-start fusion-flex-content-wrap\" style=\"max-width:1216.8px;margin-left: calc(-4% \/ 2 );margin-right: calc(-4% \/ 2 );\"><div class=\"fusion-layout-column fusion_builder_column fusion-builder-column-2 fusion_builder_column_1_1 1_1 fusion-flex-column\" style=\"--awb-bg-size:cover;--awb-width-large:100%;--awb-margin-top-large:0px;--awb-spacing-right-large:1.92%;--awb-margin-bottom-large:20px;--awb-spacing-left-large:1.92%;--awb-width-medium:100%;--awb-order-medium:0;--awb-spacing-right-medium:1.92%;--awb-spacing-left-medium:1.92%;--awb-width-small:100%;--awb-order-small:0;--awb-spacing-right-small:1.92%;--awb-spacing-left-small:1.92%;\"><div class=\"fusion-column-wrapper fusion-column-has-shadow fusion-flex-justify-content-flex-start fusion-content-layout-column\"><div class=\"fusion-text fusion-text-1\"><p>Questo sito fa uso di cookie, file di testo che vengono registrati sul terminale dell\u2019utente oppure che consentono l\u2019accesso ad informazioni sul terminale dell\u2019utente. I cookie permettono di conservare informazioni sulle preferenze dei visitatori, sono utilizzati al fine di verificare il corretto funzionamento del sito e di migliorarne le funzionalit\u00e0 personalizzando il contenuto delle pagine in base al tipo del browser utilizzato, oppure per semplificarne la navigazione automatizzando le procedure (es. Login, lingua sito), ed infine per l\u2019analisi dell\u2019uso del sito da parte dei visitatori.<\/p>\n<p>Il presente sito fa uso delle seguenti categorie di <b>cookie<\/b>:<\/p>\n<ul>\n<li style=\"list-style-type: none;\">\n<ul>\n<li>cookie tecnici, utilizzati al solo fine di effettuare la trasmissione di una comunicazione elettronica, per garantire la corretta visualizzazione del sito e la navigazione all\u2019interno di esso. Inoltre, consentono di distinguere tra i vari utenti collegati al fine di fornire un servizio richiesto all\u2019utente giusto (Login), e per motivi di sicurezza del sito. Alcuni di questi cookie sono eliminati alla chiusura del browser (cookie di sessione), altri hanno una durata maggiore (come ad esempio il cookie necessario per conservazione il consenso dell\u2019utente in relazione all\u2019uso dei cookie, che dura 1 anno). Per questi cookie non occorre consenso;<\/li>\n<\/ul>\n<\/li>\n<\/ul>\n<p><!--\n \t\n\n\n\n<li> cookie di analisi, utilizzati direttamente dal gestore del sito per raccogliere informazioni, in forma aggregata, sul numero degli utenti e su come questi visitano il sito stesso. Sono assimilati ai cookie tecnici se il servizio \u00e8 anonimizzato;<\/li>\n\n\n\n\n \t\n\n\n\n<li>cookie di profilazione e marketing, utilizzati esclusivamente da terze parti diverse dal titolare del presente sito per raccogliere informazioni sul comportamento degli utenti durante la navigazione, e sugli interessi e abitudini di consumo, anche al fine di fornire pubblicit\u00e0 personalizzata.<\/li>\n\n\n\n\n--><\/p>\n<p>Cliccando OK sul banner presente al primo accesso al sito oppure navigando il sito, il visitatore acconsente espressamente all\u2019uso dei cookie e delle tecnologie similari, e in particolare alla registrazione di tali cookie sul suo terminale per le finalit\u00e0 sopra indicate, oppure all\u2019accesso tramite i cookie ad informazioni sul suo terminale.<\/p>\n<p><b>DISABILITARE I COOKIE<\/b><\/p>\n<p>L\u2019utente pu\u00f2 rifiutare l\u2019utilizzo dei cookie e in qualsiasi momento pu\u00f2 revocare un consenso gi\u00e0 fornito. Poich\u00e9 i cookie sono collegati al browser utilizzato, POSSONO ESSERE DISABILITATI DIRETTAMENTE DAL BROWSER, cos\u00ec rifiutando\/revocando il consenso all\u2019uso dei cookie, oppure tramite il banner posto a fondo pagina.<\/p>\n<p>LA DISABILITAZIONE DEI COOKIE POTREBBE IMPEDIRE IL CORRETTO UTILIZZO DI ALCUNE FUNZIONI DEL SITO STESSO, in particolare i servizi forniti da terze parti potrebbero non essere accessibili, e quindi potrebbero non essere visualizzabili:<\/p>\n<ul>\n<li>video di YouTube o altri servizi di condivisione video<\/li>\n<li>i social button dei social network<\/li>\n<li>le mappe di Google<\/li>\n<\/ul>\n<p>Le istruzioni per la disabilitazione dei cookies si trovano alle seguenti pagine web:<\/p>\n<ul>\n<li><a target=\"\" rel=\"noopener\">Mozilla Firefox<\/a><\/li>\n<li><a target=\"\" rel=\"noopener\">Microsoft Internet Explorer<\/a><\/li>\n<li><a target=\"\" rel=\"noopener\">Microsoft Edge<\/a><\/li>\n<li><a target=\"\" rel=\"noopener\">Google Chrome<\/a><\/li>\n<li><a target=\"\" rel=\"noopener\">Opera<\/a><\/li>\n<li><a target=\"\" rel=\"noopener\">Apple Safari<\/a><\/li>\n<\/ul>\n<p><b>COOKIE DI TERZE PARTI<\/b><\/p>\n<p>Questo sito funge anche da intermediario per cookie di terze parti (come i pulsanti per i social network), utilizzati per poter fornire ulteriori servizi e funzionalit\u00e0 ai visitatori e per semplificare l\u2019uso del sito stesso, o per fornire pubblicit\u00e0 personalizzata. Questo sito non ha alcun controllo sui loro cookie interamente gestiti dalle terze parti e non ha accesso alle informazioni raccolte tramite detti cookie. Le informazioni sull\u2019uso dei detti cookie e sulle finalit\u00e0 degli stessi, nonch\u00e9 sulle modalit\u00e0 per l\u2019eventuale disabilitazione, sono fornite direttamente dalle terze parti alle pagine indicate di seguito.<\/p>\n<p>Si rammenta che generalmente il tracciamento degli utenti non comporta identificazione dello stesso, a meno che l\u2019Utente non sia gi\u00e0 iscritto al servizio e non sia anche gi\u00e0 loggato, nel qual caso si intende che l\u2019Utente ha gi\u00e0 espresso il suo consenso direttamente alla terza parte al momento dell\u2019iscrizione al relativo servizio (es. Facebook).<\/p>\n<p>Il presente sito utilizza cookie delle seguenti terze parti.<\/p>\n<ul>\n<li>Google Inc. Per informazioni sull\u2019uso dei dati e sul loro trattamento da parte di Google si raccomanda di prendere visione dell\u2019informativa privacy di Google e delle Modalit\u00e0 di utilizzo dei dati da parte di Google quando si utilizzano siti o app dei partner.<\/li>\n<li>Google Analytics: utilizzato per analizzare l\u2019uso del sito da parte degli utenti, compilare report sulle attivit\u00e0 del sito e il comportamento degli utenti, verificare quanto spesso gli utenti visitano il sito, come il sito viene rintracciato e quali pagine sono visitate pi\u00f9 frequentemente. Le informazioni sono combinate con informazioni raccolte da altri siti al fine di creare un quadro comparativo dell\u2019uso del sito rispetto ad altri siti della medesima categoria.<\/li>\n<\/ul>\n<p>Dati raccolti: identificativo del browser, data e orario di interazione col sito, pagina di provenienza, indirizzo IP.<\/p>\n<p>Luogo di trattamento dei dati: Unione europea essendo attiva l\u2019Anonimizzazione del servizio.<\/p>\n<p>I dati raccolti non consentono l\u2019identificazione personale degli utenti, e non sono incrociati con altre informazioni relative alla stessa persone. Sono trattati in forma aggregata e anonimizzati (troncati all\u2019ultimo ottetto). In base ad apposito accordo \u00e8 vietato a Google Inc. l\u2019incrocio di tali dati con quelli ricavati da altri servizi.<\/p>\n<p>Ulteriori informazioni sui cookies di Google Analytics si trovano alla pagina <a target=\"\" rel=\"noopener\">Google Analytics Cookie Usage on Websites<\/a>.<br \/>\nL&#8217;utente pu\u00f2 disabilitare (opt-out) in modo selettivo la raccolta dei dati da parte di Google Analytics installando sul proprio browser l\u2019 <a target=\"\" rel=\"noopener\">apposito componente fornito da Google<\/a>.<\/p>\n<ul>\n<li>Youtube: piattaforma, di propriet\u00e0 di Google, per la condivisione di video. I cookie sono impostati all\u2019accesso della pagine contenente l\u2019embed, e all\u2019avvio del video, e non consentono l\u2019identificazione dell\u2019Utente a meno che non sia gi\u00e0 loggato nel profilo Google.<\/li>\n<\/ul>\n<p>Per i video presenti sul sito \u00e8 stata attivata l\u2019opzione \u201cprivacy avanzata (no cookie)\u201d che fa in modo che YouTube non memorizzi le informazioni sui visitatori a meno che non riproducano volontariamente il video.<\/p>\n<p>Dati raccolti: numero e comportamento degli utenti del servizio, indirizzo IP, informazioni che collegano le visite al sito all\u2019account Google per gli utenti gi\u00e0 loggati, preferenze sulla visualizzazione dei video.<\/p>\n<p>Luogo di trattamento dei dati: USA.<\/p>\n<p><b>DIRITTI DELL&#8217;UTENTE<\/b><\/p>\n<p>Ai sensi del Regolamento europeo 679\/2016 (GDPR) e dell\u2019art. 7 del D.Lgs. 30 giugno 2003, n. 196, l\u2019Utente pu\u00f2, secondo le modalit\u00e0 e nei limiti previsti dalla vigente normativa, esercitare i seguenti diritti:<\/p>\n<ul>\n<li>opporsi in tutto o in parte, per motivi legittimi al trattamento dei dati personali che lo riguardano ai fini di invio di materiale pubblicitario o di vendita diretta o per il compimento di ricerche di mercato o di comunicazione commerciale;<\/li>\n<li>richiedere la conferma dell\u2019esistenza di dati personali che lo riguardano (diritto di accesso);<\/li>\n<li>conoscerne l\u2019origine;<\/li>\n<li>riceverne comunicazione intelligibile;<\/li>\n<li>avere informazioni circa la logica, le modalit\u00e0 e le finalit\u00e0 del trattamento;<\/li>\n<li>richiederne l\u2019aggiornamento, la rettifica, l\u2019integrazione, la cancellazione, la trasformazione in forma anonima, il blocco dei dati trattati in violazione di legge, ivi compresi quelli non pi\u00f9 necessari al perseguimento degli scopi per i quali sono stati raccolti;<\/li>\n<li>nei casi di trattamento basato su consenso, ricevere al solo costo dell\u2019eventuale supporto, i suoi dati forniti al titolare, in forma strutturata e leggibile da un elaboratore di dati e in un formato comunemente usato da un dispositivo elettronico;<\/li>\n<li>il diritto di presentare un reclamo all\u2019<a target=\"\" rel=\"noopener\">Autorit\u00e0 di controllo<\/a> (Garante Privacy);<\/li>\n<li>nonch\u00e9, pi\u00f9 in generale, esercitare tutti i diritti che gli sono riconosciuti dalle vigenti disposizioni di legge<\/li>\n<\/ul>\n<\/div><\/div><\/div><\/div><\/div><\/p>\n","protected":false},"excerpt":{"rendered":"","protected":false},"author":1,"featured_media":0,"parent":0,"menu_order":0,"comment_status":"closed","ping_status":"closed","template":"100-width.php","meta":{"footnotes":""},"class_list":["post-5705","page","type-page","status-publish","hentry"],"yoast_head":"<!-- This site is optimized with the Yoast SEO plugin v25.0 - https:\/\/yoast.com\/wordpress\/plugins\/seo\/ -->\n<title>Cookie Policy - Passaggio del Testimone - Memorie di Famiglia<\/title>\n<meta name=\"robots\" content=\"index, follow, max-snippet:-1, max-image-preview:large, max-video-preview:-1\" \/>\n<link rel=\"canonical\" href=\"https:\/\/passaggio-del-testimone.zeraim.it\/Archivio\/cookie-policy\/\" \/>\n<meta property=\"og:locale\" content=\"it_IT\" \/>\n<meta property=\"og:type\" content=\"article\" \/>\n<meta property=\"og:title\" content=\"Cookie Policy - Passaggio del Testimone - Memorie di Famiglia\" \/>\n<meta property=\"og:url\" content=\"https:\/\/passaggio-del-testimone.zeraim.it\/Archivio\/cookie-policy\/\" \/>\n<meta property=\"og:site_name\" content=\"Passaggio del Testimone - Memorie di Famiglia\" \/>\n<meta name=\"twitter:card\" content=\"summary_large_image\" \/>\n<meta name=\"twitter:label1\" content=\"Tempo di lettura stimato\" \/>\n\t<meta name=\"twitter:data1\" content=\"6 minuti\" \/>\n<script type=\"application\/ld+json\" class=\"yoast-schema-graph\">{\"@context\":\"https:\/\/schema.org\",\"@graph\":[{\"@type\":\"WebPage\",\"@id\":\"https:\/\/passaggio-del-testimone.zeraim.it\/Archivio\/cookie-policy\/\",\"url\":\"https:\/\/passaggio-del-testimone.zeraim.it\/Archivio\/cookie-policy\/\",\"name\":\"Cookie Policy - Passaggio del Testimone - Memorie di Famiglia\",\"isPartOf\":{\"@id\":\"https:\/\/passaggio-del-testimone.zeraim.it\/Archivio\/#website\"},\"datePublished\":\"2024-10-22T10:00:19+00:00\",\"breadcrumb\":{\"@id\":\"https:\/\/passaggio-del-testimone.zeraim.it\/Archivio\/cookie-policy\/#breadcrumb\"},\"inLanguage\":\"it-IT\",\"potentialAction\":[{\"@type\":\"ReadAction\",\"target\":[\"https:\/\/passaggio-del-testimone.zeraim.it\/Archivio\/cookie-policy\/\"]}]},{\"@type\":\"BreadcrumbList\",\"@id\":\"https:\/\/passaggio-del-testimone.zeraim.it\/Archivio\/cookie-policy\/#breadcrumb\",\"itemListElement\":[{\"@type\":\"ListItem\",\"position\":1,\"name\":\"Home\",\"item\":\"https:\/\/passaggio-del-testimone.zeraim.it\/Archivio\/\"},{\"@type\":\"ListItem\",\"position\":2,\"name\":\"Cookie Policy\"}]},{\"@type\":\"WebSite\",\"@id\":\"https:\/\/passaggio-del-testimone.zeraim.it\/Archivio\/#website\",\"url\":\"https:\/\/passaggio-del-testimone.zeraim.it\/Archivio\/\",\"name\":\"Passaggio del Testimone - Memorie di Famiglia\",\"description\":\"\",\"potentialAction\":[{\"@type\":\"SearchAction\",\"target\":{\"@type\":\"EntryPoint\",\"urlTemplate\":\"https:\/\/passaggio-del-testimone.zeraim.it\/Archivio\/?s={search_term_string}\"},\"query-input\":{\"@type\":\"PropertyValueSpecification\",\"valueRequired\":true,\"valueName\":\"search_term_string\"}}],\"inLanguage\":\"it-IT\"}]}<\/script>\n<!-- \/ Yoast SEO plugin. -->","yoast_head_json":{"title":"Cookie Policy - Passaggio del Testimone - Memorie di Famiglia","robots":{"index":"index","follow":"follow","max-snippet":"max-snippet:-1","max-image-preview":"max-image-preview:large","max-video-preview":"max-video-preview:-1"},"canonical":"https:\/\/passaggio-del-testimone.zeraim.it\/Archivio\/cookie-policy\/","og_locale":"it_IT","og_type":"article","og_title":"Cookie Policy - Passaggio del Testimone - Memorie di Famiglia","og_url":"https:\/\/passaggio-del-testimone.zeraim.it\/Archivio\/cookie-policy\/","og_site_name":"Passaggio del Testimone - Memorie di Famiglia","twitter_card":"summary_large_image","twitter_misc":{"Tempo di lettura stimato":"6 minuti"},"schema":{"@context":"https:\/\/schema.org","@graph":[{"@type":"WebPage","@id":"https:\/\/passaggio-del-testimone.zeraim.it\/Archivio\/cookie-policy\/","url":"https:\/\/passaggio-del-testimone.zeraim.it\/Archivio\/cookie-policy\/","name":"Cookie Policy - Passaggio del Testimone - Memorie di Famiglia","isPartOf":{"@id":"https:\/\/passaggio-del-testimone.zeraim.it\/Archivio\/#website"},"datePublished":"2024-10-22T10:00:19+00:00","breadcrumb":{"@id":"https:\/\/passaggio-del-testimone.zeraim.it\/Archivio\/cookie-policy\/#breadcrumb"},"inLanguage":"it-IT","potentialAction":[{"@type":"ReadAction","target":["https:\/\/passaggio-del-testimone.zeraim.it\/Archivio\/cookie-policy\/"]}]},{"@type":"BreadcrumbList","@id":"https:\/\/passaggio-del-testimone.zeraim.it\/Archivio\/cookie-policy\/#breadcrumb","itemListElement":[{"@type":"ListItem","position":1,"name":"Home","item":"https:\/\/passaggio-del-testimone.zeraim.it\/Archivio\/"},{"@type":"ListItem","position":2,"name":"Cookie Policy"}]},{"@type":"WebSite","@id":"https:\/\/passaggio-del-testimone.zeraim.it\/Archivio\/#website","url":"https:\/\/passaggio-del-testimone.zeraim.it\/Archivio\/","name":"Passaggio del Testimone - Memorie di Famiglia","description":"","potentialAction":[{"@type":"SearchAction","target":{"@type":"EntryPoint","urlTemplate":"https:\/\/passaggio-del-testimone.zeraim.it\/Archivio\/?s={search_term_string}"},"query-input":{"@type":"PropertyValueSpecification","valueRequired":true,"valueName":"search_term_string"}}],"inLanguage":"it-IT"}]}},"_links":{"self":[{"href":"https:\/\/passaggio-del-testimone.zeraim.it\/Archivio\/wp-json\/wp\/v2\/pages\/5705","targetHints":{"allow":["GET"]}}],"collection":[{"href":"https:\/\/passaggio-del-testimone.zeraim.it\/Archivio\/wp-json\/wp\/v2\/pages"}],"about":[{"href":"https:\/\/passaggio-del-testimone.zeraim.it\/Archivio\/wp-json\/wp\/v2\/types\/page"}],"author":[{"embeddable":true,"href":"https:\/\/passaggio-del-testimone.zeraim.it\/Archivio\/wp-json\/wp\/v2\/users\/1"}],"replies":[{"embeddable":true,"href":"https:\/\/passaggio-del-testimone.zeraim.it\/Archivio\/wp-json\/wp\/v2\/comments?post=5705"}],"version-history":[{"count":1,"href":"https:\/\/passaggio-del-testimone.zeraim.it\/Archivio\/wp-json\/wp\/v2\/pages\/5705\/revisions"}],"predecessor-version":[{"id":5706,"href":"https:\/\/passaggio-del-testimone.zeraim.it\/Archivio\/wp-json\/wp\/v2\/pages\/5705\/revisions\/5706"}],"wp:attachment":[{"href":"https:\/\/passaggio-del-testimone.zeraim.it\/Archivio\/wp-json\/wp\/v2\/media?parent=5705"}],"curies":[{"name":"wp","href":"https:\/\/api.w.org\/{rel}","templated":true}]}}